{"id":21867,"date":"2025-11-12T12:48:37","date_gmt":"2025-11-12T04:48:37","guid":{"rendered":"https:\/\/deonki.com\/?post_type=product&#038;p=21867"},"modified":"2026-03-30T12:57:16","modified_gmt":"2026-03-30T04:57:16","slug":"paul-joe-%e8%ad%89%e4%bb%b6%e5%a5%97","status":"publish","type":"product","link":"https:\/\/deonki.com\/eng\/paul-joe-%e8%ad%89%e4%bb%b6%e5%a5%97\/","title":{"rendered":"PAUL &amp; JOE ID Card Holder"},"content":{"rendered":"<p style=\"text-align: right;\">This multi-functional ID holder is from the French fashion brand PAUL &amp; JOE. The card slot features a cat-shaped window for easy card insertion and removal; the retractable cord strap can be extended for convenient card taking when hanging on a handbag. A zippered compartment allows it to be used as a mini wallet for coins or small items, and a key ring is included for easy key attachment. Suitable for commuting to school or light outings.<\/p>\n<p>New patterns added to the Spring\/Summer 2026 collection. <strong>Nounette Travel, Aquarelle Cats, Lovely Daisy<\/strong>Available in styles including the classic Chrysanthemum. The PU leather with gold-stamped logo is simple yet sophisticated, making it a suitable gift.<\/p>\n<p>&nbsp;<\/p>\n<p>Dimensions (cm)<\/p>\n<p>Body dimensions: Approximately 8.5 \u00d7 11 \u00d7 1.4 cm (height \u00d7 width \u00d7 thickness)<\/p>\n<p>Length of elastic belt: approximately 31\u201362 cm<\/p>\n<p>&nbsp;<\/p>\n<p>Specifications<\/p>\n<p>Card pocket: 1<\/p>\n<p>Zippered storage compartment: 1 compartment<\/p>\n<p>Keychain: 1<\/p>\n<p>Retractable cable reel strap: 1 piece<\/p>\n<p>&nbsp;<\/p>\n<p>Materials and Maintenance<\/p>\n<p>The outer layer is made of PU (polyurethane). The material will naturally age over time due to factors such as moisture, ultraviolet rays, and heat; it is recommended to avoid high temperature and humidity environments and store in a well-ventilated and dry place.<\/p>\n<p>&nbsp;<\/p>\n<p>&nbsp;<\/p>\n<p>&nbsp;<\/p>\n<p>&nbsp;<\/p>\n<p>&nbsp;<\/p>\n<p>&nbsp;<\/p>\n<p>&nbsp;<\/p>\n<p>&nbsp;<\/p>","protected":false},"excerpt":{"rendered":"<p>\u4f86\u81ea\u6cd5\u570b\u6642\u5c1a\u54c1\u724c PAUL &amp; JOE \u7684\u591a\u529f\u80fd\u8b49\u4ef6\u5957\u3002\u5361\u69fd\u914d\u6709\u8c93\u54aa\u9020\u578b\u7a97\u5b54\uff0c\u53d6\u653e\u5361\u7247\u9806\u66a2\uff1b\u4f38\u7e2e\u6372\u7dda\u639b [&hellip;]<\/p>\n","protected":false},"featured_media":21866,"template":"","meta":{"_uag_custom_page_level_css":"","site-sidebar-layout":"default","site-content-layout":"","ast-site-content-layout":"default","site-content-style":"default","site-sidebar-style":"default","ast-global-header-display":"","ast-banner-title-visibility":"","ast-main-header-display":"","ast-hfb-above-header-display":"","ast-hfb-below-header-display":"","ast-hfb-mobile-header-display":"","site-post-title":"","ast-breadcrumbs-content":"","ast-featured-img":"","footer-sml-layout":"","ast-disable-related-posts":"","theme-transparent-header-meta":"default","adv-header-id-meta":"","stick-header-meta":"","header-above-stick-meta":"","header-main-stick-meta":"","header-below-stick-meta":"","astra-migrate-meta-layouts":"set","ast-page-background-enabled":"default","ast-page-background-meta":{"desktop":{"background-color":"var(--ast-global-color-4)","background-image":"","background-repeat":"repeat","background-position":"center center","background-size":"auto","background-attachment":"scroll","background-type":"","background-media":"","overlay-type":"","overlay-color":"","overlay-opacity":"","overlay-gradient":""},"tablet":{"background-color":"","background-image":"","background-repeat":"repeat","background-position":"center center","background-size":"auto","background-attachment":"scroll","background-type":"","background-media":"","overlay-type":"","overlay-color":"","overlay-opacity":"","overlay-gradient":""},"mobile":{"background-color":"","background-image":"","background-repeat":"repeat","background-position":"center center","background-size":"auto","background-attachment":"scroll","background-type":"","background-media":"","overlay-type":"","overlay-color":"","overlay-opacity":"","overlay-gradient":""}},"ast-content-background-meta":{"desktop":{"background-color":"var(--ast-global-color-5)","background-image":"","background-repeat":"repeat","background-position":"center center","background-size":"auto","background-attachment":"scroll","background-type":"","background-media":"","overlay-type":"","overlay-color":"","overlay-opacity":"","overlay-gradient":""},"tablet":{"background-color":"var(--ast-global-color-5)","background-image":"","background-repeat":"repeat","background-position":"center center","background-size":"auto","background-attachment":"scroll","background-type":"","background-media":"","overlay-type":"","overlay-color":"","overlay-opacity":"","overlay-gradient":""},"mobile":{"background-color":"var(--ast-global-color-5)","background-image":"","background-repeat":"repeat","background-position":"center center","background-size":"auto","background-attachment":"scroll","background-type":"","background-media":"","overlay-type":"","overlay-color":"","overlay-opacity":"","overlay-gradient":""}}},"product_brand":[4148],"product_cat":[105],"product_tag":[4193,4166,4084,4186,4187,4177,4168,2847,4172,3553,4190,4184,4153,3168,4179,4195,4086,4191,4156,4102,4149,4150,4182,2400,4180,4162,3867,4160,4170,4164,4158,4175,4174,4194,4188,4192,4151,4169,4157,4159,4161,3861,4155,2840,4171,4165,4173,3536,4163,4152,4183,4181,4189,4154,4185,4085,4167,4178,4176],"class_list":{"0":"post-21867","1":"product","2":"type-product","3":"status-publish","4":"has-post-thumbnail","6":"product_brand-paul-joe","7":"product_cat-105","8":"product_tag-aquarelle-cats","9":"product_tag-bag-attachment","10":"product_tag-card-holder","11":"product_tag-cat-shaped-window","12":"product_tag-chrysanthemum","13":"product_tag-coin-storage","14":"product_tag-commuting","15":"product_tag-cute-design","16":"product_tag-edc","17":"product_tag-everyday-carry","18":"product_tag-floral-pattern","19":"product_tag-foil-stamped-logo","20":"product_tag-french-fashion-brand","21":"product_tag-id-holder","22":"product_tag-key-ring","23":"product_tag-lovely-daisy","24":"product_tag-mini-wallet","25":"product_tag-nounette-travel","26":"product_tag-octopus-card-holder","27":"product_tag-pass-case","28":"product_tag-paul-joe","29":"product_tag-paul-and-joe","30":"product_tag-polyurethane","31":"product_tag-pu-leather","32":"product_tag-pu","33":"product_tag-recoil-reel","34":"product_tag-retractable-reel","35":"product_tag-retractable-strap","36":"product_tag-school","37":"product_tag-strap","38":"product_tag-transit-card-case","39":"product_tag-zipper-compartment","40":"product_tag-zipper-pocket","41":"product_tag-4194","42":"product_tag-4188","43":"product_tag-4192","44":"product_tag-4151","45":"product_tag-4169","46":"product_tag-4157","47":"product_tag-4159","48":"product_tag-4161","49":"product_tag-3861","50":"product_tag-4155","51":"product_tag-2840","52":"product_tag-4171","53":"product_tag-4165","54":"product_tag-4173","55":"product_tag-3536","56":"product_tag-4163","57":"product_tag-4152","58":"product_tag-4183","59":"product_tag-4181","60":"product_tag-4189","61":"product_tag-4154","62":"product_tag-4185","63":"product_tag-4085","64":"product_tag-4167","65":"product_tag-4178","66":"product_tag-4176","67":"desktop-align-left","68":"tablet-align-left","69":"mobile-align-left","71":"first","72":"instock","73":"shipping-taxable","74":"purchasable","75":"product-type-variable"},"supplier_id":null,"supplier_sku":"","barcode":null,"atum_controlled":true,"out_stock_date":null,"out_stock_threshold":null,"inheritable":true,"inbound_stock":null,"stock_on_hold":0,"sold_today":0,"sales_last_days":0,"reserved_stock":null,"customer_returns":null,"warehouse_damage":null,"lost_in_post":null,"other_logs":null,"out_stock_days":0,"lost_sales":0,"has_location":false,"update_date":"2026-04-23T00:17:00","atum_locations":[],"atum_stock_status":"instock","restock_status":false,"low_stock_amount":"","sales_update_date":"2026-04-23T00:17:00","calc_backorders":null,"uagb_featured_image_src":{"full":["https:\/\/deonki.com\/wp-content\/uploads\/2026\/03\/PAUL-JOE-MARKS-\u8b49\u4ef6\u5957-1.jpg",500,600,false],"thumbnail":["https:\/\/deonki.com\/wp-content\/uploads\/2026\/03\/PAUL-JOE-MARKS-\u8b49\u4ef6\u5957-1-150x150.jpg",150,150,true],"medium":["https:\/\/deonki.com\/wp-content\/uploads\/2026\/03\/PAUL-JOE-MARKS-\u8b49\u4ef6\u5957-1-250x300.jpg",250,300,true],"medium_large":["https:\/\/deonki.com\/wp-content\/uploads\/2026\/03\/PAUL-JOE-MARKS-\u8b49\u4ef6\u5957-1.jpg",500,600,false],"large":["https:\/\/deonki.com\/wp-content\/uploads\/2026\/03\/PAUL-JOE-MARKS-\u8b49\u4ef6\u5957-1.jpg",500,600,false],"1536x1536":["https:\/\/deonki.com\/wp-content\/uploads\/2026\/03\/PAUL-JOE-MARKS-\u8b49\u4ef6\u5957-1.jpg",500,600,false],"2048x2048":["https:\/\/deonki.com\/wp-content\/uploads\/2026\/03\/PAUL-JOE-MARKS-\u8b49\u4ef6\u5957-1.jpg",500,600,false],"trp-custom-language-flag":["https:\/\/deonki.com\/wp-content\/uploads\/2026\/03\/PAUL-JOE-MARKS-\u8b49\u4ef6\u5957-1-10x12.jpg",10,12,true],"woocommerce_thumbnail":["https:\/\/deonki.com\/wp-content\/uploads\/2026\/03\/PAUL-JOE-MARKS-\u8b49\u4ef6\u5957-1-300x300.jpg",300,300,true],"woocommerce_single":["https:\/\/deonki.com\/wp-content\/uploads\/2026\/03\/PAUL-JOE-MARKS-\u8b49\u4ef6\u5957-1.jpg",500,600,false],"woocommerce_gallery_thumbnail":["https:\/\/deonki.com\/wp-content\/uploads\/2026\/03\/PAUL-JOE-MARKS-\u8b49\u4ef6\u5957-1-100x100.jpg",100,100,true],"woosq":["https:\/\/deonki.com\/wp-content\/uploads\/2026\/03\/PAUL-JOE-MARKS-\u8b49\u4ef6\u5957-1-460x460.jpg",460,460,true],"dgwt-wcas-product-suggestion":["https:\/\/deonki.com\/wp-content\/uploads\/2026\/03\/PAUL-JOE-MARKS-\u8b49\u4ef6\u5957-1-64x77.jpg",64,77,true]},"uagb_author_info":{"display_name":"Deonki online shop","author_link":"https:\/\/deonki.com\/eng\/author\/"},"uagb_comment_info":0,"uagb_excerpt":"\u4f86\u81ea\u6cd5\u570b\u6642\u5c1a\u54c1\u724c PAUL &amp; JOE \u7684\u591a\u529f\u80fd\u8b49\u4ef6\u5957\u3002\u5361\u69fd\u914d\u6709\u8c93\u54aa\u9020\u578b\u7a97\u5b54\uff0c\u53d6\u653e\u5361\u7247\u9806\u66a2\uff1b\u4f38\u7e2e\u6372\u7dda\u639b&hellip;","_links":{"self":[{"href":"https:\/\/deonki.com\/eng\/wp-json\/wp\/v2\/product\/21867","targetHints":{"allow":["GET"]}}],"collection":[{"href":"https:\/\/deonki.com\/eng\/wp-json\/wp\/v2\/product"}],"about":[{"href":"https:\/\/deonki.com\/eng\/wp-json\/wp\/v2\/types\/product"}],"wp:featuredmedia":[{"embeddable":true,"href":"https:\/\/deonki.com\/eng\/wp-json\/wp\/v2\/media\/21866"}],"wp:attachment":[{"href":"https:\/\/deonki.com\/eng\/wp-json\/wp\/v2\/media?parent=21867"}],"wp:term":[{"taxonomy":"product_brand","embeddable":true,"href":"https:\/\/deonki.com\/eng\/wp-json\/wp\/v2\/product_brand?post=21867"},{"taxonomy":"product_cat","embeddable":true,"href":"https:\/\/deonki.com\/eng\/wp-json\/wp\/v2\/product_cat?post=21867"},{"taxonomy":"product_tag","embeddable":true,"href":"https:\/\/deonki.com\/eng\/wp-json\/wp\/v2\/product_tag?post=21867"}],"curies":[{"name":"wp","href":"https:\/\/api.w.org\/{rel}","templated":true}]}}