{"id":19462,"date":"2025-07-16T11:30:14","date_gmt":"2025-07-16T03:30:14","guid":{"rendered":"https:\/\/deonki.com\/?post_type=product&#038;p=19462"},"modified":"2026-04-08T11:30:37","modified_gmt":"2026-04-08T03:30:37","slug":"%f0%9f%87%af%f0%9f%87%b5-%e5%90%89%e5%b7%9d%e4%b8%8d%e9%8f%bd%e9%8b%bc%e6%96%99%e7%90%86%e6%bf%be%e7%b6%b2%ef%bc%8b%e8%aa%bf%e7%90%86%e7%9b%86%e5%85%a9%e4%bb%b6%e7%b5%84","status":"publish","type":"product","link":"https:\/\/deonki.com\/eng\/%f0%9f%87%af%f0%9f%87%b5-%e5%90%89%e5%b7%9d%e4%b8%8d%e9%8f%bd%e9%8b%bc%e6%96%99%e7%90%86%e6%bf%be%e7%b6%b2%ef%bc%8b%e8%aa%bf%e7%90%86%e7%9b%86%e5%85%a9%e4%bb%b6%e7%b5%84\/","title":{"rendered":"\ud83c\uddef\ud83c\uddf5 Yoshikawa Stainless Steel Strainer &amp; Prep Bowl 2-Piece Set"},"content":{"rendered":"<p>The strainer features an integrated handle for greater stability and easier pouring. Its rimless design prevents food residue from accumulating, making cleaning quick and effortless. The pieces can be used separately or together, and are ideal for washing rice, draining water, and mixing ingredients for a wide range of kitchen tasks.<\/p>\n<p>Material:   18-8 Stainless Steel<\/p>\n<p>Size:<\/p>\n<p>Strainer: Approx.\u00a0<span style=\"font-size: 16px;\">16.5 (L) \u00d7 13 (\u00d8) \u00d7 3cm (H)\u00a0<\/span><\/p>\n<p>Bowl: Approx. 15.8 cm (overall length) \u00d7 12.7 cm (\u00d8) \u00d7 6.5 cm (depth) \u00d7 7.7 cm (H)<\/p>\n<p>Weight:\n\n  Strainer - 90g, Bowl - 105g<\/p>\n<p>Origin: Made in Japan<\/p>\n<p>&nbsp;<\/p>\n<h1 class=\"product-name\"><\/h1>\n<p>&nbsp;<\/p>\n<p>&nbsp;<\/p>\n<p>&nbsp;<\/p>","protected":false},"excerpt":{"rendered":"<p>\u6ffe\u6c34\u76c6\u9644\u628a\u624b\uff0c\u4f7f\u7528\u6642\u66f4\u7a69\u5b9a\u3001\u65b9\u4fbf\u5012\u6c34\u3002\u7121\u6372\u908a\u8a2d\u8a08\uff0c\u4e0d\u6613\u85cf\u6c61\u7d0d\u57a2\uff0c\u6e05\u6f54\u66f4\u5bb9\u6613\u3002\u53ef\u55ae\u7368\u4f7f\u7528\u6216\u642d\u914d\u4f7f\u7528\uff0c\u9069\u5408\u6d17\u7c73\u3001\u6ffe [&hellip;]<\/p>\n","protected":false},"featured_media":18887,"template":"","meta":{"_uag_custom_page_level_css":"","site-sidebar-layout":"default","site-content-layout":"","ast-site-content-layout":"default","site-content-style":"default","site-sidebar-style":"default","ast-global-header-display":"","ast-banner-title-visibility":"","ast-main-header-display":"","ast-hfb-above-header-display":"","ast-hfb-below-header-display":"","ast-hfb-mobile-header-display":"","site-post-title":"","ast-breadcrumbs-content":"","ast-featured-img":"","footer-sml-layout":"","ast-disable-related-posts":"","theme-transparent-header-meta":"default","adv-header-id-meta":"","stick-header-meta":"","header-above-stick-meta":"","header-main-stick-meta":"","header-below-stick-meta":"","astra-migrate-meta-layouts":"set","ast-page-background-enabled":"default","ast-page-background-meta":{"desktop":{"background-color":"var(--ast-global-color-4)","background-image":"","background-repeat":"repeat","background-position":"center center","background-size":"auto","background-attachment":"scroll","background-type":"","background-media":"","overlay-type":"","overlay-color":"","overlay-opacity":"","overlay-gradient":""},"tablet":{"background-color":"","background-image":"","background-repeat":"repeat","background-position":"center center","background-size":"auto","background-attachment":"scroll","background-type":"","background-media":"","overlay-type":"","overlay-color":"","overlay-opacity":"","overlay-gradient":""},"mobile":{"background-color":"","background-image":"","background-repeat":"repeat","background-position":"center center","background-size":"auto","background-attachment":"scroll","background-type":"","background-media":"","overlay-type":"","overlay-color":"","overlay-opacity":"","overlay-gradient":""}},"ast-content-background-meta":{"desktop":{"background-color":"var(--ast-global-color-5)","background-image":"","background-repeat":"repeat","background-position":"center center","background-size":"auto","background-attachment":"scroll","background-type":"","background-media":"","overlay-type":"","overlay-color":"","overlay-opacity":"","overlay-gradient":""},"tablet":{"background-color":"var(--ast-global-color-5)","background-image":"","background-repeat":"repeat","background-position":"center center","background-size":"auto","background-attachment":"scroll","background-type":"","background-media":"","overlay-type":"","overlay-color":"","overlay-opacity":"","overlay-gradient":""},"mobile":{"background-color":"var(--ast-global-color-5)","background-image":"","background-repeat":"repeat","background-position":"center center","background-size":"auto","background-attachment":"scroll","background-type":"","background-media":"","overlay-type":"","overlay-color":"","overlay-opacity":"","overlay-gradient":""}}},"product_brand":[1117],"product_cat":[203,88],"product_tag":[1137,1358,1357],"class_list":{"0":"post-19462","1":"product","2":"type-product","3":"status-publish","4":"has-post-thumbnail","6":"product_brand-1117","7":"product_cat-203","8":"product_cat-88","9":"product_tag-1137","10":"product_tag-1358","11":"product_tag-1357","12":"desktop-align-left","13":"tablet-align-left","14":"mobile-align-left","16":"first","17":"instock","18":"shipping-taxable","19":"purchasable","20":"product-type-simple"},"supplier_id":null,"supplier_sku":"","barcode":null,"atum_controlled":true,"out_stock_date":null,"out_stock_threshold":null,"inheritable":false,"inbound_stock":null,"stock_on_hold":0,"sold_today":0,"sales_last_days":0,"reserved_stock":null,"customer_returns":null,"warehouse_damage":null,"lost_in_post":null,"other_logs":null,"out_stock_days":0,"lost_sales":0,"has_location":false,"update_date":"2026-04-13T00:09:33","atum_locations":[],"atum_stock_status":"instock","restock_status":false,"low_stock_amount":"","sales_update_date":"2026-04-13T00:09:33","calc_backorders":null,"uagb_featured_image_src":{"full":["https:\/\/deonki.com\/wp-content\/uploads\/2025\/10\/13740812_4.jpg",500,500,false],"thumbnail":["https:\/\/deonki.com\/wp-content\/uploads\/2025\/10\/13740812_4-150x150.jpg",150,150,true],"medium":["https:\/\/deonki.com\/wp-content\/uploads\/2025\/10\/13740812_4-300x300.jpg",300,300,true],"medium_large":["https:\/\/deonki.com\/wp-content\/uploads\/2025\/10\/13740812_4.jpg",500,500,false],"large":["https:\/\/deonki.com\/wp-content\/uploads\/2025\/10\/13740812_4.jpg",500,500,false],"1536x1536":["https:\/\/deonki.com\/wp-content\/uploads\/2025\/10\/13740812_4.jpg",500,500,false],"2048x2048":["https:\/\/deonki.com\/wp-content\/uploads\/2025\/10\/13740812_4.jpg",500,500,false],"trp-custom-language-flag":["https:\/\/deonki.com\/wp-content\/uploads\/2025\/10\/13740812_4-12x12.jpg",12,12,true],"woocommerce_thumbnail":["https:\/\/deonki.com\/wp-content\/uploads\/2025\/10\/13740812_4-300x300.jpg",300,300,true],"woocommerce_single":["https:\/\/deonki.com\/wp-content\/uploads\/2025\/10\/13740812_4.jpg",500,500,false],"woocommerce_gallery_thumbnail":["https:\/\/deonki.com\/wp-content\/uploads\/2025\/10\/13740812_4-100x100.jpg",100,100,true],"woosq":["https:\/\/deonki.com\/wp-content\/uploads\/2025\/10\/13740812_4-460x460.jpg",460,460,true],"dgwt-wcas-product-suggestion":["https:\/\/deonki.com\/wp-content\/uploads\/2025\/10\/13740812_4-64x64.jpg",64,64,true]},"uagb_author_info":{"display_name":"Deonki online shop","author_link":"https:\/\/deonki.com\/eng\/author\/"},"uagb_comment_info":0,"uagb_excerpt":"\u6ffe\u6c34\u76c6\u9644\u628a\u624b\uff0c\u4f7f\u7528\u6642\u66f4\u7a69\u5b9a\u3001\u65b9\u4fbf\u5012\u6c34\u3002\u7121\u6372\u908a\u8a2d\u8a08\uff0c\u4e0d\u6613\u85cf\u6c61\u7d0d\u57a2\uff0c\u6e05\u6f54\u66f4\u5bb9\u6613\u3002\u53ef\u55ae\u7368\u4f7f\u7528\u6216\u642d\u914d\u4f7f\u7528\uff0c\u9069\u5408\u6d17\u7c73\u3001\u6ffe&hellip;","_links":{"self":[{"href":"https:\/\/deonki.com\/eng\/wp-json\/wp\/v2\/product\/19462","targetHints":{"allow":["GET"]}}],"collection":[{"href":"https:\/\/deonki.com\/eng\/wp-json\/wp\/v2\/product"}],"about":[{"href":"https:\/\/deonki.com\/eng\/wp-json\/wp\/v2\/types\/product"}],"wp:featuredmedia":[{"embeddable":true,"href":"https:\/\/deonki.com\/eng\/wp-json\/wp\/v2\/media\/18887"}],"wp:attachment":[{"href":"https:\/\/deonki.com\/eng\/wp-json\/wp\/v2\/media?parent=19462"}],"wp:term":[{"taxonomy":"product_brand","embeddable":true,"href":"https:\/\/deonki.com\/eng\/wp-json\/wp\/v2\/product_brand?post=19462"},{"taxonomy":"product_cat","embeddable":true,"href":"https:\/\/deonki.com\/eng\/wp-json\/wp\/v2\/product_cat?post=19462"},{"taxonomy":"product_tag","embeddable":true,"href":"https:\/\/deonki.com\/eng\/wp-json\/wp\/v2\/product_tag?post=19462"}],"curies":[{"name":"wp","href":"https:\/\/api.w.org\/{rel}","templated":true}]}}